{"id":4989,"date":"2023-04-26T06:16:13","date_gmt":"2023-04-26T06:16:13","guid":{"rendered":"https:\/\/dynascales.com\/our-location\/"},"modified":"2024-07-11T11:22:27","modified_gmt":"2024-07-11T11:22:27","slug":"unsere-standorte","status":"publish","type":"page","link":"https:\/\/dynascales.com\/de\/about-us\/unsere-standorte\/","title":{"rendered":"Unsere Standorte"},"content":{"rendered":"<p><div class=\"fusion-fullwidth fullwidth-box fusion-builder-row-1 fusion-flex-container has-pattern-background has-mask-background nonhundred-percent-fullwidth non-hundred-percent-height-scrolling\" style=\"--awb-border-radius-top-left:0px;--awb-border-radius-top-right:0px;--awb-border-radius-bottom-right:0px;--awb-border-radius-bottom-left:0px;--awb-padding-top:25px;--awb-flex-wrap:wrap;\" ><div class=\"fusion-builder-row fusion-row fusion-flex-align-items-stretch fusion-flex-content-wrap\" style=\"max-width:1248px;margin-left: calc(-4% \/ 2 );margin-right: calc(-4% \/ 2 );\"><div class=\"fusion-layout-column fusion_builder_column fusion-builder-column-0 fusion_builder_column_2_3 2_3 fusion-flex-column\" style=\"--awb-bg-size:cover;--awb-width-large:66.666666666667%;--awb-margin-top-large:0px;--awb-spacing-right-large:2.88%;--awb-margin-bottom-large:20px;--awb-spacing-left-large:2.88%;--awb-width-medium:66.666666666667%;--awb-order-medium:0;--awb-spacing-right-medium:2.88%;--awb-spacing-left-medium:2.88%;--awb-width-small:100%;--awb-order-small:0;--awb-spacing-right-small:1.92%;--awb-spacing-left-small:1.92%;\"><div class=\"fusion-column-wrapper fusion-column-has-shadow fusion-flex-justify-content-flex-start fusion-content-layout-column\"><div class=\"fusion-title title fusion-title-1 fusion-sep-none fusion-title-text fusion-title-size-one\" style=\"--awb-text-color:var(--awb-color4);--awb-margin-top-small:10px;--awb-margin-right-small:0px;--awb-margin-bottom-small:10px;--awb-margin-left-small:0px;\"><h1 class=\"fusion-title-heading title-heading-left\" style=\"margin:0;\">Die strategische Lage des Unternehmens<\/h1><\/div><div class=\"fusion-text fusion-text-1\"><p>Maldegem und Breda sind zwei St\u00e4dte, die sich f\u00fcr unser Unternehmen als ein ausgezeichneten Standort angeboten haben. Beide St\u00e4dte sind verkehrstechnisch hervorragend aufgestellt und erm\u00f6glichen uns somit eine z\u00fcgige Erreichbarkeit von Industriestandorten unserer Kunden in Europa und der Welt.<\/p>\n<p>Maldegem ist in Belgien strategisch g\u00fcnstig gelegen. Die N\u00e4he zu wichtigen Autobahnen, wie der E40 und E34, oder zu den gro\u00dfen und kleinen Bahnh\u00f6fen und Flugh\u00e4fen erm\u00f6glichen die leichte Erreichbarkeit unserer Kunden in Belgien, den Niederlanden, in Europa und der gesamten Welt. Maldegem bietet unserer Unternehmenszentrale die M\u00f6glichkeit, mit hochqualifizierte Arbeitskr\u00e4ften in einer gut vernetzten Umgebung, Kundenanforderungen zu erf\u00fcllen.<\/p>\n<p>\u00c4hnlich verh\u00e4lt es sich mit Breda in den Niederlanden. Sie liegt ebenfalls strategisch g\u00fcnstig zu den gro\u00dfen St\u00e4dten und Industriestandorten in den Niederlande. Auch hier erm\u00f6glicht uns die N\u00e4he zu wichtigen Autobahnen, wie der A16 und A27, oder zu den gro\u00dfen und kleinen Bahnh\u00f6fen und Flugh\u00e4fen die leichte Erreichbarkeit unserer Kunden in den Niederlande, Belgien, in Europa und der gesamten Welt. Neben der ausgezeichneten Lage bietet Breda auch gut ausgebildete Arbeitskr\u00e4fte und ein unterst\u00fctzendes Gesch\u00e4ftsumfeld, was es zu einem attraktiven Standort f\u00fcr unser expandierendem Unternehmen macht.<\/p>\n<p>Zusammenfassend bieten sowohl Maldegem als auch Breda unserem Unternehmen ausgezeichnete Standorte mit einfachem Zugang zu gro\u00dfen Industriebereichen und Verkehrswegen und machen sie so zu attraktiven Standorten f\u00fcr unser Unternehmen, um die Kunden in Europa betreuen k\u00f6nnen.<\/p>\n<\/div><\/div><\/div><div class=\"fusion-layout-column fusion_builder_column fusion-builder-column-1 fusion_builder_column_1_3 1_3 fusion-flex-column\" style=\"--awb-padding-top:25px;--awb-padding-right:25px;--awb-padding-bottom:25px;--awb-padding-left:25px;--awb-bg-color:var(--awb-color4);--awb-bg-color-hover:var(--awb-color4);--awb-bg-size:cover;--awb-width-large:33.333333333333%;--awb-margin-top-large:0px;--awb-spacing-right-large:5.76%;--awb-margin-bottom-large:20px;--awb-spacing-left-large:5.76%;--awb-width-medium:33.333333333333%;--awb-order-medium:0;--awb-spacing-right-medium:5.76%;--awb-spacing-left-medium:5.76%;--awb-width-small:100%;--awb-order-small:0;--awb-spacing-right-small:1.92%;--awb-spacing-left-small:1.92%;\" data-scroll-devices=\"small-visibility,medium-visibility,large-visibility\"><div class=\"fusion-column-wrapper fusion-column-has-shadow fusion-flex-justify-content-flex-start fusion-content-layout-column\"><div class=\"fusion-title title fusion-title-2 fusion-sep-none fusion-title-text fusion-title-size-three\" style=\"--awb-text-color:var(--awb-color1);--awb-margin-top-small:10px;--awb-margin-right-small:0px;--awb-margin-bottom-small:10px;--awb-margin-left-small:0px;\"><h3 class=\"fusion-title-heading title-heading-right\" style=\"margin:0;\">Company information<\/h3><\/div><div class=\"fusion-text fusion-text-2\" style=\"--awb-text-color:var(--awb-color1);\"><p style=\"text-align: right;\">Brielstraat 112<br \/>9990 Maldegem<br \/><span class=\"TextRun SCXW258599796 BCX0\" lang=\"NL-BE\" xml:lang=\"NL-BE\" data-contrast=\"auto\"><span class=\"NormalTextRun SCXW258599796 BCX0\">BELGIEN<\/span><\/span><span class=\"EOP SCXW258599796 BCX0\" data-ccp-props=\"\">\u00a0<\/span><\/p>\n<p style=\"text-align: right;\">Nikkelstraat 45<br \/>4823 AE Breda<br \/><span class=\"TextRun SCXW236209262 BCX0\" lang=\"NL-BE\" xml:lang=\"NL-BE\" data-contrast=\"auto\"><span class=\"NormalTextRun SCXW236209262 BCX0\">NIEDERLANDE<\/span><\/span><span class=\"EOP SCXW236209262 BCX0\" data-ccp-props=\"\">\u00a0<\/span><\/p>\n<p style=\"text-align: right;\"><strong>T :<\/strong>\u00a0+32 50 71 09 20<br \/><strong>E :<\/strong>\u00a0info@weighingandinspection.eu<br \/><span class=\"TextRun SCXW167767301 BCX0\" lang=\"NL-BE\" xml:lang=\"NL-BE\" data-contrast=\"auto\"><span class=\"NormalTextRun SpellingErrorV2Themed SCXW167767301 BCX0\">USt-IdNr<\/span><span class=\"NormalTextRun SCXW167767301 BCX0\">.: BE0479645994<\/span><\/span><span class=\"EOP SCXW167767301 BCX0\" data-ccp-props=\"\">\u00a0<\/span><\/p>\n<\/div><div class=\"fusion-separator fusion-full-width-sep\" style=\"align-self: center;margin-left: auto;margin-right: auto;margin-top:25px;width:100%;\"><\/div><div class=\"fusion-image-element \" style=\"text-align:right;--awb-caption-title-font-family:var(--h2_typography-font-family);--awb-caption-title-font-weight:var(--h2_typography-font-weight);--awb-caption-title-font-style:var(--h2_typography-font-style);--awb-caption-title-size:var(--h2_typography-font-size);--awb-caption-title-transform:var(--h2_typography-text-transform);--awb-caption-title-line-height:var(--h2_typography-line-height);--awb-caption-title-letter-spacing:var(--h2_typography-letter-spacing);\"><span class=\" fusion-imageframe imageframe-none imageframe-1 hover-type-none\"><img decoding=\"async\" width=\"1024\" height=\"1024\" title=\"Dynascales wit\" src=\"https:\/\/dynascales.com\/wp-content\/uploads\/2023\/04\/Dynascales-wit.svg\" alt class=\"img-responsive wp-image-2371\"\/><\/span><\/div><\/div><\/div><\/div><\/div><div class=\"fusion-bg-parallax\" data-bg-align=\"center top\" data-direction=\"down\" data-mute=\"false\" data-opacity=\"100\" data-velocity=\"-0.3\" data-mobile-enabled=\"false\" data-break_parents=\"0\" data-bg-image=\"https:\/\/dynascales.com\/wp-content\/uploads\/2023\/04\/pexels-fauxels-3184395-scaled.jpg\" data-bg-repeat=\"false\" ><\/div><div class=\"fusion-fullwidth fullwidth-box fusion-builder-row-2 fusion-flex-container has-pattern-background has-mask-background fusion-parallax-down nonhundred-percent-fullwidth non-hundred-percent-height-scrolling\" style=\"--awb-background-position:center top;--awb-border-radius-top-left:0px;--awb-border-radius-top-right:0px;--awb-border-radius-bottom-right:0px;--awb-border-radius-bottom-left:0px;--awb-padding-top:100px;--awb-padding-bottom:100px;--awb-background-image:url(&quot;https:\/\/dynascales.com\/wp-content\/uploads\/2023\/04\/pexels-fauxels-3184395-scaled.jpg&quot;);--awb-background-size:cover;--awb-flex-wrap:wrap;\" ><div class=\"fusion-builder-row fusion-row fusion-flex-align-items-flex-start fusion-flex-content-wrap\" style=\"max-width:1248px;margin-left: calc(-4% \/ 2 );margin-right: calc(-4% \/ 2 );\"><div class=\"fusion-layout-column fusion_builder_column fusion-builder-column-2 fusion_builder_column_2_3 2_3 fusion-flex-column\" style=\"--awb-padding-top:30px;--awb-padding-right:30px;--awb-padding-bottom:30px;--awb-padding-left:30px;--awb-bg-color:hsla(var(--awb-color4-h),var(--awb-color4-s),var(--awb-color4-l),calc(var(--awb-color4-a) - 40%));--awb-bg-color-hover:hsla(var(--awb-color4-h),var(--awb-color4-s),var(--awb-color4-l),calc(var(--awb-color4-a) - 40%));--awb-bg-size:cover;--awb-width-large:66.666666666667%;--awb-margin-top-large:0px;--awb-spacing-right-large:2.88%;--awb-margin-bottom-large:20px;--awb-spacing-left-large:2.88%;--awb-width-medium:66.666666666667%;--awb-order-medium:0;--awb-spacing-right-medium:2.88%;--awb-spacing-left-medium:2.88%;--awb-width-small:100%;--awb-order-small:0;--awb-spacing-right-small:1.92%;--awb-spacing-left-small:1.92%;\" data-scroll-devices=\"small-visibility,medium-visibility,large-visibility\"><div class=\"fusion-column-wrapper fusion-column-has-shadow fusion-flex-justify-content-flex-start fusion-content-layout-column\"><div class=\"fusion-title title fusion-title-3 fusion-sep-none fusion-title-text fusion-title-size-two\" style=\"--awb-text-color:var(--awb-color1);--awb-margin-top-small:10px;--awb-margin-right-small:0px;--awb-margin-bottom-small:10px;--awb-margin-left-small:0px;\"><h2 class=\"fusion-title-heading title-heading-left\" style=\"margin:0;\">Do you have any questions? Do not hesitate to contact us!<\/h2><\/div><div style=\"text-align:center;\"><a class=\"fusion-button button-flat fusion-button-default-size button-default fusion-button-default button-1 fusion-button-default-span fusion-button-default-type\" target=\"_self\" href=\"https:\/\/dynascales.com\/index.php\/contact\/\"><span class=\"fusion-button-text awb-button__text awb-button__text--default\">Contact us<\/span><\/a><\/div><\/div><\/div><\/div><\/div>\n<\/p>\n","protected":false},"excerpt":{"rendered":"","protected":false},"author":1,"featured_media":0,"parent":5435,"menu_order":0,"comment_status":"closed","ping_status":"closed","template":"100-width.php","meta":{"inline_featured_image":false,"_monsterinsights_skip_tracking":false,"_monsterinsights_sitenote_active":false,"_monsterinsights_sitenote_note":"","_monsterinsights_sitenote_category":0,"footnotes":""},"class_list":["post-4989","page","type-page","status-publish","hentry"],"yoast_head":"<!-- This site is optimized with the Yoast SEO plugin v27.5 - https:\/\/yoast.com\/product\/yoast-seo-wordpress\/ -->\n<title>Unsere Standorte - Dynascales<\/title>\n<meta name=\"description\" content=\"Dynascales in Maldegem and Breda is a leading company in the manufacturing of dynamic weighing scales for the industry.\" \/>\n<meta name=\"robots\" content=\"index, follow, max-snippet:-1, max-image-preview:large, max-video-preview:-1\" \/>\n<link rel=\"canonical\" href=\"https:\/\/dynascales.com\/de\/about-us\/unsere-standorte\/\" \/>\n<meta property=\"og:locale\" content=\"de_DE\" \/>\n<meta property=\"og:type\" content=\"article\" \/>\n<meta property=\"og:title\" content=\"Unsere Standorte - Dynascales\" \/>\n<meta property=\"og:description\" content=\"Dynascales in Maldegem and Breda is a leading company in the manufacturing of dynamic weighing scales for the industry.\" \/>\n<meta property=\"og:url\" content=\"https:\/\/dynascales.com\/de\/about-us\/unsere-standorte\/\" \/>\n<meta property=\"og:site_name\" content=\"Dynascales\" \/>\n<meta property=\"article:modified_time\" content=\"2024-07-11T11:22:27+00:00\" \/>\n<meta name=\"twitter:card\" content=\"summary_large_image\" \/>\n<meta name=\"twitter:label1\" content=\"Gesch\u00e4tzte Lesezeit\" \/>\n\t<meta name=\"twitter:data1\" content=\"2\u00a0Minuten\" \/>\n<script type=\"application\/ld+json\" class=\"yoast-schema-graph\">{\"@context\":\"https:\\\/\\\/schema.org\",\"@graph\":[{\"@type\":\"WebPage\",\"@id\":\"https:\\\/\\\/dynascales.com\\\/de\\\/about-us\\\/unsere-standorte\\\/\",\"url\":\"https:\\\/\\\/dynascales.com\\\/de\\\/about-us\\\/unsere-standorte\\\/\",\"name\":\"Unsere Standorte - Dynascales\",\"isPartOf\":{\"@id\":\"https:\\\/\\\/dynascales.com\\\/de\\\/#website\"},\"datePublished\":\"2023-04-26T06:16:13+00:00\",\"dateModified\":\"2024-07-11T11:22:27+00:00\",\"description\":\"Dynascales in Maldegem and Breda is a leading company in the manufacturing of dynamic weighing scales for the industry.\",\"breadcrumb\":{\"@id\":\"https:\\\/\\\/dynascales.com\\\/de\\\/about-us\\\/unsere-standorte\\\/#breadcrumb\"},\"inLanguage\":\"de\",\"potentialAction\":[{\"@type\":\"ReadAction\",\"target\":[\"https:\\\/\\\/dynascales.com\\\/de\\\/about-us\\\/unsere-standorte\\\/\"]}]},{\"@type\":\"BreadcrumbList\",\"@id\":\"https:\\\/\\\/dynascales.com\\\/de\\\/about-us\\\/unsere-standorte\\\/#breadcrumb\",\"itemListElement\":[{\"@type\":\"ListItem\",\"position\":1,\"name\":\"Home\",\"item\":\"https:\\\/\\\/dynascales.com\\\/de\\\/\"},{\"@type\":\"ListItem\",\"position\":2,\"name\":\"\u00dcber uns\",\"item\":\"https:\\\/\\\/dynascales.com\\\/de\\\/about-us\\\/\"},{\"@type\":\"ListItem\",\"position\":3,\"name\":\"Unsere Standorte\"}]},{\"@type\":\"WebSite\",\"@id\":\"https:\\\/\\\/dynascales.com\\\/de\\\/#website\",\"url\":\"https:\\\/\\\/dynascales.com\\\/de\\\/\",\"name\":\"Dynascales\",\"description\":\"Powered by Weighing &amp; Inspection\",\"publisher\":{\"@id\":\"https:\\\/\\\/dynascales.com\\\/de\\\/#organization\"},\"potentialAction\":[{\"@type\":\"SearchAction\",\"target\":{\"@type\":\"EntryPoint\",\"urlTemplate\":\"https:\\\/\\\/dynascales.com\\\/de\\\/?s={search_term_string}\"},\"query-input\":{\"@type\":\"PropertyValueSpecification\",\"valueRequired\":true,\"valueName\":\"search_term_string\"}}],\"inLanguage\":\"de\"},{\"@type\":\"Organization\",\"@id\":\"https:\\\/\\\/dynascales.com\\\/de\\\/#organization\",\"name\":\"Dynascales\",\"url\":\"https:\\\/\\\/dynascales.com\\\/de\\\/\",\"logo\":{\"@type\":\"ImageObject\",\"inLanguage\":\"de\",\"@id\":\"https:\\\/\\\/dynascales.com\\\/de\\\/#\\\/schema\\\/logo\\\/image\\\/\",\"url\":\"https:\\\/\\\/dynascales.com\\\/wp-content\\\/uploads\\\/2023\\\/05\\\/Dynascales.png\",\"contentUrl\":\"https:\\\/\\\/dynascales.com\\\/wp-content\\\/uploads\\\/2023\\\/05\\\/Dynascales.png\",\"width\":1130,\"height\":200,\"caption\":\"Dynascales\"},\"image\":{\"@id\":\"https:\\\/\\\/dynascales.com\\\/de\\\/#\\\/schema\\\/logo\\\/image\\\/\"},\"sameAs\":[\"https:\\\/\\\/www.linkedin.com\\\/company\\\/weighingandinspectionbenelux\\\/\"]}]}<\/script>\n<!-- \/ Yoast SEO plugin. -->","yoast_head_json":{"title":"Unsere Standorte - Dynascales","description":"Dynascales in Maldegem and Breda is a leading company in the manufacturing of dynamic weighing scales for the industry.","robots":{"index":"index","follow":"follow","max-snippet":"max-snippet:-1","max-image-preview":"max-image-preview:large","max-video-preview":"max-video-preview:-1"},"canonical":"https:\/\/dynascales.com\/de\/about-us\/unsere-standorte\/","og_locale":"de_DE","og_type":"article","og_title":"Unsere Standorte - Dynascales","og_description":"Dynascales in Maldegem and Breda is a leading company in the manufacturing of dynamic weighing scales for the industry.","og_url":"https:\/\/dynascales.com\/de\/about-us\/unsere-standorte\/","og_site_name":"Dynascales","article_modified_time":"2024-07-11T11:22:27+00:00","twitter_card":"summary_large_image","twitter_misc":{"Gesch\u00e4tzte Lesezeit":"2\u00a0Minuten"},"schema":{"@context":"https:\/\/schema.org","@graph":[{"@type":"WebPage","@id":"https:\/\/dynascales.com\/de\/about-us\/unsere-standorte\/","url":"https:\/\/dynascales.com\/de\/about-us\/unsere-standorte\/","name":"Unsere Standorte - Dynascales","isPartOf":{"@id":"https:\/\/dynascales.com\/de\/#website"},"datePublished":"2023-04-26T06:16:13+00:00","dateModified":"2024-07-11T11:22:27+00:00","description":"Dynascales in Maldegem and Breda is a leading company in the manufacturing of dynamic weighing scales for the industry.","breadcrumb":{"@id":"https:\/\/dynascales.com\/de\/about-us\/unsere-standorte\/#breadcrumb"},"inLanguage":"de","potentialAction":[{"@type":"ReadAction","target":["https:\/\/dynascales.com\/de\/about-us\/unsere-standorte\/"]}]},{"@type":"BreadcrumbList","@id":"https:\/\/dynascales.com\/de\/about-us\/unsere-standorte\/#breadcrumb","itemListElement":[{"@type":"ListItem","position":1,"name":"Home","item":"https:\/\/dynascales.com\/de\/"},{"@type":"ListItem","position":2,"name":"\u00dcber uns","item":"https:\/\/dynascales.com\/de\/about-us\/"},{"@type":"ListItem","position":3,"name":"Unsere Standorte"}]},{"@type":"WebSite","@id":"https:\/\/dynascales.com\/de\/#website","url":"https:\/\/dynascales.com\/de\/","name":"Dynascales","description":"Powered by Weighing &amp; Inspection","publisher":{"@id":"https:\/\/dynascales.com\/de\/#organization"},"potentialAction":[{"@type":"SearchAction","target":{"@type":"EntryPoint","urlTemplate":"https:\/\/dynascales.com\/de\/?s={search_term_string}"},"query-input":{"@type":"PropertyValueSpecification","valueRequired":true,"valueName":"search_term_string"}}],"inLanguage":"de"},{"@type":"Organization","@id":"https:\/\/dynascales.com\/de\/#organization","name":"Dynascales","url":"https:\/\/dynascales.com\/de\/","logo":{"@type":"ImageObject","inLanguage":"de","@id":"https:\/\/dynascales.com\/de\/#\/schema\/logo\/image\/","url":"https:\/\/dynascales.com\/wp-content\/uploads\/2023\/05\/Dynascales.png","contentUrl":"https:\/\/dynascales.com\/wp-content\/uploads\/2023\/05\/Dynascales.png","width":1130,"height":200,"caption":"Dynascales"},"image":{"@id":"https:\/\/dynascales.com\/de\/#\/schema\/logo\/image\/"},"sameAs":["https:\/\/www.linkedin.com\/company\/weighingandinspectionbenelux\/"]}]}},"_links":{"self":[{"href":"https:\/\/dynascales.com\/de\/wp-json\/wp\/v2\/pages\/4989","targetHints":{"allow":["GET"]}}],"collection":[{"href":"https:\/\/dynascales.com\/de\/wp-json\/wp\/v2\/pages"}],"about":[{"href":"https:\/\/dynascales.com\/de\/wp-json\/wp\/v2\/types\/page"}],"author":[{"embeddable":true,"href":"https:\/\/dynascales.com\/de\/wp-json\/wp\/v2\/users\/1"}],"replies":[{"embeddable":true,"href":"https:\/\/dynascales.com\/de\/wp-json\/wp\/v2\/comments?post=4989"}],"version-history":[{"count":4,"href":"https:\/\/dynascales.com\/de\/wp-json\/wp\/v2\/pages\/4989\/revisions"}],"predecessor-version":[{"id":4994,"href":"https:\/\/dynascales.com\/de\/wp-json\/wp\/v2\/pages\/4989\/revisions\/4994"}],"up":[{"embeddable":true,"href":"https:\/\/dynascales.com\/de\/wp-json\/wp\/v2\/pages\/5435"}],"wp:attachment":[{"href":"https:\/\/dynascales.com\/de\/wp-json\/wp\/v2\/media?parent=4989"}],"curies":[{"name":"wp","href":"https:\/\/api.w.org\/{rel}","templated":true}]}}