{"id":5640,"date":"2023-04-26T06:14:46","date_gmt":"2023-04-26T06:14:46","guid":{"rendered":"https:\/\/dynascales.com\/applications\/paper-mills\/"},"modified":"2024-10-14T19:48:41","modified_gmt":"2024-10-14T19:48:41","slug":"paper-mills","status":"publish","type":"page","link":"https:\/\/dynascales.com\/fr\/applications\/paper-mills\/","title":{"rendered":"Papeteries"},"content":{"rendered":"<p><div class=\"fusion-fullwidth fullwidth-box fusion-builder-row-1 fusion-flex-container has-pattern-background has-mask-background fusion-parallax-none nonhundred-percent-fullwidth non-hundred-percent-height-scrolling\" style=\"--awb-border-radius-top-left:0px;--awb-border-radius-top-right:0px;--awb-border-radius-bottom-right:0px;--awb-border-radius-bottom-left:0px;--awb-padding-top:35px;--awb-padding-bottom:35px;--awb-background-image:url(&quot;https:\/\/dynascales.com\/wp-content\/uploads\/2023\/05\/recyclage-1024x683-1.jpg&quot;);--awb-background-size:cover;--awb-flex-wrap:wrap;\" ><div class=\"fusion-builder-row fusion-row fusion-flex-align-items-flex-start fusion-flex-content-wrap\" style=\"max-width:1248px;margin-left: calc(-4% \/ 2 );margin-right: calc(-4% \/ 2 );\"><div class=\"fusion-layout-column fusion_builder_column fusion-builder-column-0 fusion_builder_column_3_5 3_5 fusion-flex-column\" style=\"--awb-padding-top:25px;--awb-padding-right:25px;--awb-padding-bottom:25px;--awb-padding-left:25px;--awb-bg-color:var(--awb-color4);--awb-bg-color-hover:var(--awb-color4);--awb-bg-size:cover;--awb-width-large:60%;--awb-margin-top-large:0px;--awb-spacing-right-large:3.2%;--awb-margin-bottom-large:20px;--awb-spacing-left-large:3.2%;--awb-width-medium:60%;--awb-order-medium:0;--awb-spacing-right-medium:3.2%;--awb-spacing-left-medium:3.2%;--awb-width-small:100%;--awb-order-small:0;--awb-spacing-right-small:1.92%;--awb-spacing-left-small:1.92%;\" data-scroll-devices=\"small-visibility,medium-visibility,large-visibility\"><div class=\"fusion-column-wrapper fusion-column-has-shadow fusion-flex-justify-content-flex-start fusion-content-layout-column\"><div class=\"fusion-title title fusion-title-1 fusion-sep-none fusion-title-text fusion-title-size-one\" style=\"--awb-text-color:var(--awb-color5);--awb-margin-top-small:10px;--awb-margin-right-small:0px;--awb-margin-bottom-small:10px;--awb-margin-left-small:0px;\"><h1 class=\"fusion-title-heading title-heading-left\" style=\"margin:0;\">Papeteries<\/h1><\/div><div class=\"fusion-text fusion-text-1\" style=\"--awb-text-color:var(--awb-color1);\"><p>L&rsquo;utilisation d&rsquo;un peseur \u00e0 bande Dynascale dans les papeteries est importante pour plusieurs raisons. L&rsquo;une des principales raisons est d&rsquo;assurer un contr\u00f4le pr\u00e9cis des mati\u00e8res premi\u00e8res lors du processus de fabrication du papier. La qualit\u00e9 et la coh\u00e9rence du papier produit peuvent \u00eatre affect\u00e9es par les variations du poids des mati\u00e8res premi\u00e8res utilis\u00e9es. Les peseurs \u00e0 bande Dynascale fournissent des donn\u00e9es de poids en temps r\u00e9el, ce qui permet aux op\u00e9rateurs de contr\u00f4ler pr\u00e9cis\u00e9ment la quantit\u00e9 de mati\u00e8res premi\u00e8res introduites dans le processus de fabrication du papier. Cela peut aider \u00e0 garantir que le produit final r\u00e9pond aux sp\u00e9cifications et normes de qualit\u00e9 souhait\u00e9es.<\/p>\n<\/div><\/div><\/div><\/div><\/div><div class=\"fusion-fullwidth fullwidth-box fusion-builder-row-2 fusion-flex-container has-pattern-background has-mask-background nonhundred-percent-fullwidth non-hundred-percent-height-scrolling\" style=\"--awb-border-radius-top-left:0px;--awb-border-radius-top-right:0px;--awb-border-radius-bottom-right:0px;--awb-border-radius-bottom-left:0px;--awb-padding-top:25px;--awb-padding-bottom:25px;--awb-flex-wrap:wrap;\" ><div class=\"fusion-builder-row fusion-row fusion-flex-align-items-center fusion-flex-content-wrap\" style=\"max-width:1248px;margin-left: calc(-4% \/ 2 );margin-right: calc(-4% \/ 2 );\"><div class=\"fusion-layout-column fusion_builder_column fusion-builder-column-1 fusion_builder_column_1_4 1_4 fusion-flex-column\" style=\"--awb-padding-top:25px;--awb-padding-right:25px;--awb-padding-bottom:25px;--awb-padding-left:25px;--awb-bg-color:var(--awb-color4);--awb-bg-color-hover:var(--awb-color4);--awb-bg-size:cover;--awb-width-large:25%;--awb-margin-top-large:0px;--awb-spacing-right-large:7.68%;--awb-margin-bottom-large:20px;--awb-spacing-left-large:7.68%;--awb-width-medium:25%;--awb-order-medium:0;--awb-spacing-right-medium:7.68%;--awb-spacing-left-medium:7.68%;--awb-width-small:100%;--awb-order-small:0;--awb-spacing-right-small:1.92%;--awb-spacing-left-small:1.92%;\" data-scroll-devices=\"small-visibility,medium-visibility,large-visibility\"><div class=\"fusion-column-wrapper fusion-column-has-shadow fusion-flex-justify-content-center fusion-content-layout-column\"><div class=\"fusion-title title fusion-title-2 fusion-sep-none fusion-title-text fusion-title-size-three\" style=\"--awb-text-color:var(--awb-color1);--awb-margin-top-small:10px;--awb-margin-right-small:0px;--awb-margin-bottom-small:10px;--awb-margin-left-small:0px;\"><h3 class=\"fusion-title-heading title-heading-left\" style=\"margin:0;\"><a href=\"https:\/\/dynascales.com\/fr\/products\/dynascale\/model-loadblock\/\">DSLoadblock<\/a><\/h3><\/div><div class=\"fusion-image-element \" style=\"--awb-margin-bottom:25px;--awb-caption-title-font-family:var(--h2_typography-font-family);--awb-caption-title-font-weight:var(--h2_typography-font-weight);--awb-caption-title-font-style:var(--h2_typography-font-style);--awb-caption-title-size:var(--h2_typography-font-size);--awb-caption-title-transform:var(--h2_typography-text-transform);--awb-caption-title-line-height:var(--h2_typography-line-height);--awb-caption-title-letter-spacing:var(--h2_typography-letter-spacing);\"><span class=\" fusion-imageframe imageframe-none imageframe-1 hover-type-none\"><a class=\"fusion-no-lightbox\" href=\"https:\/\/dynascales.com\/products\/dynascale\/model-loadblock\/\" target=\"_self\" aria-label=\"Render Loadblock + trogstel + dwarsliggers\"><img decoding=\"async\" width=\"1920\" height=\"1080\" src=\"https:\/\/dynascales.com\/wp-content\/uploads\/2023\/05\/Render-Loadblock-trogstel-dwarsliggers.jpg\" alt class=\"img-responsive wp-image-2502\" srcset=\"https:\/\/dynascales.com\/wp-content\/uploads\/2023\/05\/Render-Loadblock-trogstel-dwarsliggers-200x113.jpg 200w, https:\/\/dynascales.com\/wp-content\/uploads\/2023\/05\/Render-Loadblock-trogstel-dwarsliggers-400x225.jpg 400w, https:\/\/dynascales.com\/wp-content\/uploads\/2023\/05\/Render-Loadblock-trogstel-dwarsliggers-600x338.jpg 600w, https:\/\/dynascales.com\/wp-content\/uploads\/2023\/05\/Render-Loadblock-trogstel-dwarsliggers-800x450.jpg 800w, https:\/\/dynascales.com\/wp-content\/uploads\/2023\/05\/Render-Loadblock-trogstel-dwarsliggers-1200x675.jpg 1200w, https:\/\/dynascales.com\/wp-content\/uploads\/2023\/05\/Render-Loadblock-trogstel-dwarsliggers.jpg 1920w\" sizes=\"(max-width: 640px) 100vw, 400px\" \/><\/a><\/span><\/div><div style=\"text-align:center;\"><a class=\"fusion-button button-flat fusion-button-default-size button-default fusion-button-default button-1 fusion-button-span-yes fusion-button-default-type\" target=\"_self\" href=\"https:\/\/dynascales.com\/fr\/products\/dynascale\/model-loadblock\/\"><span class=\"fusion-button-text awb-button__text awb-button__text--default\">Plus d&rsquo;informations<\/span><\/a><\/div><\/div><\/div><div class=\"fusion-layout-column fusion_builder_column fusion-builder-column-2 fusion_builder_column_1_4 1_4 fusion-flex-column\" style=\"--awb-padding-top:25px;--awb-padding-right:25px;--awb-padding-bottom:25px;--awb-padding-left:25px;--awb-bg-color:var(--awb-color4);--awb-bg-color-hover:var(--awb-color4);--awb-bg-size:cover;--awb-width-large:25%;--awb-margin-top-large:0px;--awb-spacing-right-large:7.68%;--awb-margin-bottom-large:20px;--awb-spacing-left-large:7.68%;--awb-width-medium:25%;--awb-order-medium:0;--awb-spacing-right-medium:7.68%;--awb-spacing-left-medium:7.68%;--awb-width-small:100%;--awb-order-small:0;--awb-spacing-right-small:1.92%;--awb-spacing-left-small:1.92%;\" data-scroll-devices=\"small-visibility,medium-visibility,large-visibility\"><div class=\"fusion-column-wrapper fusion-column-has-shadow fusion-flex-justify-content-center fusion-content-layout-column\"><div class=\"fusion-title title fusion-title-3 fusion-sep-none fusion-title-text fusion-title-size-three\" style=\"--awb-text-color:var(--awb-color1);--awb-margin-top-small:10px;--awb-margin-right-small:0px;--awb-margin-bottom-small:10px;--awb-margin-left-small:0px;\"><h3 class=\"fusion-title-heading title-heading-left\" style=\"margin:0;\"><a href=\"https:\/\/dynascales.com\/fr\/products\/dynascale\/model-ds1020\/\">Model DS1020<\/a><\/h3><\/div><div class=\"fusion-image-element \" style=\"--awb-aspect-ratio:2 \/ 1;--awb-object-position:28% 47%;--awb-margin-bottom:25px;--awb-caption-title-font-family:var(--h2_typography-font-family);--awb-caption-title-font-weight:var(--h2_typography-font-weight);--awb-caption-title-font-style:var(--h2_typography-font-style);--awb-caption-title-size:var(--h2_typography-font-size);--awb-caption-title-transform:var(--h2_typography-text-transform);--awb-caption-title-line-height:var(--h2_typography-line-height);--awb-caption-title-letter-spacing:var(--h2_typography-letter-spacing);\"><span class=\" fusion-imageframe imageframe-none imageframe-2 hover-type-none has-aspect-ratio\"><img decoding=\"async\" width=\"2048\" height=\"1536\" title=\"Lijn A 10-20 installation date 26062010\" src=\"https:\/\/dynascales.com\/wp-content\/uploads\/2023\/05\/Lijn-A-10-20-installation-date-26062010.jpg\" class=\"img-responsive wp-image-2854 img-with-aspect-ratio\" data-parent-fit=\"cover\" data-parent-container=\".fusion-image-element\" alt srcset=\"https:\/\/dynascales.com\/wp-content\/uploads\/2023\/05\/Lijn-A-10-20-installation-date-26062010-200x150.jpg 200w, https:\/\/dynascales.com\/wp-content\/uploads\/2023\/05\/Lijn-A-10-20-installation-date-26062010-400x300.jpg 400w, https:\/\/dynascales.com\/wp-content\/uploads\/2023\/05\/Lijn-A-10-20-installation-date-26062010-600x450.jpg 600w, https:\/\/dynascales.com\/wp-content\/uploads\/2023\/05\/Lijn-A-10-20-installation-date-26062010-800x600.jpg 800w, https:\/\/dynascales.com\/wp-content\/uploads\/2023\/05\/Lijn-A-10-20-installation-date-26062010-1200x900.jpg 1200w, https:\/\/dynascales.com\/wp-content\/uploads\/2023\/05\/Lijn-A-10-20-installation-date-26062010.jpg 2048w\" sizes=\"(max-width: 640px) 100vw, 400px\" \/><\/span><\/div><div style=\"text-align:center;\"><a class=\"fusion-button button-flat fusion-button-default-size button-default fusion-button-default button-2 fusion-button-span-yes fusion-button-default-type\" target=\"_self\" href=\"https:\/\/dynascales.com\/fr\/products\/dynascale\/model-ds1020\/\"><span class=\"fusion-button-text awb-button__text awb-button__text--default\">Plus d&rsquo;informations<\/span><\/a><\/div><\/div><\/div><div class=\"fusion-layout-column fusion_builder_column fusion-builder-column-3 fusion_builder_column_1_2 1_2 fusion-flex-column\" style=\"--awb-bg-size:cover;--awb-width-large:50%;--awb-margin-top-large:0px;--awb-spacing-right-large:3.84%;--awb-margin-bottom-large:20px;--awb-spacing-left-large:3.84%;--awb-width-medium:50%;--awb-order-medium:0;--awb-spacing-right-medium:3.84%;--awb-spacing-left-medium:3.84%;--awb-width-small:100%;--awb-order-small:0;--awb-spacing-right-small:1.92%;--awb-spacing-left-small:1.92%;\"><div class=\"fusion-column-wrapper fusion-column-has-shadow fusion-flex-justify-content-flex-start fusion-content-layout-column\"><div class=\"fusion-title title fusion-title-4 fusion-sep-none fusion-title-text fusion-title-size-one\" style=\"--awb-margin-top-small:10px;--awb-margin-right-small:0px;--awb-margin-bottom-small:10px;--awb-margin-left-small:0px;\"><h1 class=\"fusion-title-heading title-heading-left\" style=\"margin:0;\">Pourquoi Dynascales dans les usines de papier ?<\/h1><\/div><div class=\"fusion-text fusion-text-2\"><p>Nos balances dynamiques conviennent \u00e0 une large gamme d&rsquo;applications dans l&rsquo;industrie. Nous proposons une vari\u00e9t\u00e9 de mod\u00e8les qui peuvent g\u00e9rer diff\u00e9rents poids et capacit\u00e9s.<\/p>\n<p>Une autre raison d&rsquo;utiliser les peseurs \u00e0 bande Dynascale dans les usines de papier est d&rsquo;am\u00e9liorer l&rsquo;efficacit\u00e9 de la production et de r\u00e9duire le gaspillage de mat\u00e9riaux. Les peseurs \u00e0 bande fournissent des donn\u00e9es de poids pr\u00e9cises, ce qui permet aux op\u00e9rateurs d&rsquo;optimiser le flux de mati\u00e8res premi\u00e8res et de minimiser le gaspillage de mat\u00e9riaux. En mesurant le flux de mati\u00e8res premi\u00e8res, les op\u00e9rateurs peuvent identifier et corriger tout probl\u00e8me pouvant entra\u00eener une surutilisation ou une sous-utilisation des mat\u00e9riaux. Cela peut aider \u00e0 r\u00e9duire les co\u00fbts de production, \u00e0 augmenter l&rsquo;efficacit\u00e9 de l&rsquo;usine et \u00e0 am\u00e9liorer la rentabilit\u00e9 globale.<\/p>\n<p>Les peseurs \u00e0 bande peuvent \u00e9galement contribuer \u00e0 garantir la s\u00e9curit\u00e9 sur le lieu de travail dans les usines de papier. La surcharge des convoyeurs avec des mati\u00e8res premi\u00e8res peut entra\u00eener des dysfonctionnements ou des pannes, ce qui constitue un risque important pour la s\u00e9curit\u00e9 des travailleurs. Les peseurs \u00e0 bande Dynascales peuvent aider \u00e0 \u00e9viter la surcharge en fournissant des donn\u00e9es de poids en temps r\u00e9el, permettant aux op\u00e9rateurs d&rsquo;ajuster le flux de mat\u00e9riaux si n\u00e9cessaire.<\/p>\n<p>Notre \u00e9quipe d&rsquo;experts travaille en \u00e9troite collaboration avec nos clients pour comprendre leurs besoins et exigences sp\u00e9cifiques. Nous nous effor\u00e7ons de fournir des solutions personnalis\u00e9es qui r\u00e9pondent \u00e0 leurs exigences uniques, garantissant que nos clients tirent le meilleur parti de nos produits.<\/p>\n<\/div><\/div><\/div><\/div><\/div><div class=\"fusion-bg-parallax\" data-bg-align=\"center top\" data-direction=\"down\" data-mute=\"false\" data-opacity=\"100\" data-velocity=\"-0.3\" data-mobile-enabled=\"false\" data-break_parents=\"0\" data-bg-image=\"https:\/\/dynascales.com\/wp-content\/uploads\/2023\/04\/pexels-fauxels-3184395-scaled.jpg\" data-bg-repeat=\"false\" ><\/div><div class=\"fusion-fullwidth fullwidth-box fusion-builder-row-3 fusion-flex-container has-pattern-background has-mask-background fusion-parallax-down nonhundred-percent-fullwidth non-hundred-percent-height-scrolling\" style=\"--awb-background-position:center top;--awb-border-radius-top-left:0px;--awb-border-radius-top-right:0px;--awb-border-radius-bottom-right:0px;--awb-border-radius-bottom-left:0px;--awb-padding-top:100px;--awb-padding-bottom:100px;--awb-background-image:url(&quot;https:\/\/dynascales.com\/wp-content\/uploads\/2023\/04\/pexels-fauxels-3184395-scaled.jpg&quot;);--awb-background-size:cover;--awb-flex-wrap:wrap;\" ><div class=\"fusion-builder-row fusion-row fusion-flex-align-items-flex-start fusion-flex-content-wrap\" style=\"max-width:1248px;margin-left: calc(-4% \/ 2 );margin-right: calc(-4% \/ 2 );\"><div class=\"fusion-layout-column fusion_builder_column fusion-builder-column-4 fusion_builder_column_2_3 2_3 fusion-flex-column\" style=\"--awb-padding-top:30px;--awb-padding-right:30px;--awb-padding-bottom:30px;--awb-padding-left:30px;--awb-bg-color:hsla(var(--awb-color4-h),var(--awb-color4-s),var(--awb-color4-l),calc(var(--awb-color4-a) - 40%));--awb-bg-color-hover:hsla(var(--awb-color4-h),var(--awb-color4-s),var(--awb-color4-l),calc(var(--awb-color4-a) - 40%));--awb-bg-size:cover;--awb-width-large:66.666666666667%;--awb-margin-top-large:0px;--awb-spacing-right-large:2.88%;--awb-margin-bottom-large:20px;--awb-spacing-left-large:2.88%;--awb-width-medium:66.666666666667%;--awb-order-medium:0;--awb-spacing-right-medium:2.88%;--awb-spacing-left-medium:2.88%;--awb-width-small:100%;--awb-order-small:0;--awb-spacing-right-small:1.92%;--awb-spacing-left-small:1.92%;\" data-scroll-devices=\"small-visibility,medium-visibility,large-visibility\"><div class=\"fusion-column-wrapper fusion-column-has-shadow fusion-flex-justify-content-flex-start fusion-content-layout-column\"><div class=\"fusion-title title fusion-title-5 fusion-sep-none fusion-title-text fusion-title-size-two\" style=\"--awb-text-color:var(--awb-color1);--awb-margin-top-small:10px;--awb-margin-right-small:0px;--awb-margin-bottom-small:10px;--awb-margin-left-small:0px;\"><h2 class=\"fusion-title-heading title-heading-left\" style=\"margin:0;\">Avez-vous des questions? N\u2019h\u00e9sitez pas \u00e0 nous contacter!<\/h2><\/div><div style=\"text-align:center;\"><a class=\"fusion-button button-flat fusion-button-default-size button-default fusion-button-default button-3 fusion-button-default-span fusion-button-default-type\" target=\"_self\" href=\"https:\/\/dynascales.com\/fr\/contact\/\"><span class=\"fusion-button-text awb-button__text awb-button__text--default\">Contactez-nous<\/span><\/a><\/div><\/div><\/div><\/div><\/div>\n<\/p>\n","protected":false},"excerpt":{"rendered":"","protected":false},"author":1,"featured_media":0,"parent":5516,"menu_order":0,"comment_status":"closed","ping_status":"closed","template":"100-width.php","meta":{"inline_featured_image":false,"_monsterinsights_skip_tracking":false,"_monsterinsights_sitenote_active":false,"_monsterinsights_sitenote_note":"","_monsterinsights_sitenote_category":0,"footnotes":""},"class_list":["post-5640","page","type-page","status-publish","hentry"],"yoast_head":"<!-- This site is optimized with the Yoast SEO plugin v27.4 - https:\/\/yoast.com\/product\/yoast-seo-wordpress\/ -->\n<title>Papeteries - Dynascales<\/title>\n<meta name=\"description\" content=\"Dynascale belt weighers provide real-time weight data. This helps to ensure that the product meets the desired quality standards.\" \/>\n<meta name=\"robots\" content=\"index, follow, max-snippet:-1, max-image-preview:large, max-video-preview:-1\" \/>\n<link rel=\"canonical\" href=\"https:\/\/dynascales.com\/fr\/applications\/paper-mills\/\" \/>\n<meta property=\"og:locale\" content=\"fr_FR\" \/>\n<meta property=\"og:type\" content=\"article\" \/>\n<meta property=\"og:title\" content=\"Papeteries - Dynascales\" \/>\n<meta property=\"og:description\" content=\"Dynascale belt weighers provide real-time weight data. This helps to ensure that the product meets the desired quality standards.\" \/>\n<meta property=\"og:url\" content=\"https:\/\/dynascales.com\/fr\/applications\/paper-mills\/\" \/>\n<meta property=\"og:site_name\" content=\"Dynascales\" \/>\n<meta property=\"article:modified_time\" content=\"2024-10-14T19:48:41+00:00\" \/>\n<meta name=\"twitter:card\" content=\"summary_large_image\" \/>\n<meta name=\"twitter:label1\" content=\"Dur\u00e9e de lecture estim\u00e9e\" \/>\n\t<meta name=\"twitter:data1\" content=\"3 minutes\" \/>\n<script type=\"application\/ld+json\" class=\"yoast-schema-graph\">{\"@context\":\"https:\\\/\\\/schema.org\",\"@graph\":[{\"@type\":\"WebPage\",\"@id\":\"https:\\\/\\\/dynascales.com\\\/fr\\\/applications\\\/paper-mills\\\/\",\"url\":\"https:\\\/\\\/dynascales.com\\\/fr\\\/applications\\\/paper-mills\\\/\",\"name\":\"Papeteries - Dynascales\",\"isPartOf\":{\"@id\":\"https:\\\/\\\/dynascales.com\\\/fr\\\/#website\"},\"datePublished\":\"2023-04-26T06:14:46+00:00\",\"dateModified\":\"2024-10-14T19:48:41+00:00\",\"description\":\"Dynascale belt weighers provide real-time weight data. This helps to ensure that the product meets the desired quality standards.\",\"breadcrumb\":{\"@id\":\"https:\\\/\\\/dynascales.com\\\/fr\\\/applications\\\/paper-mills\\\/#breadcrumb\"},\"inLanguage\":\"fr-FR\",\"potentialAction\":[{\"@type\":\"ReadAction\",\"target\":[\"https:\\\/\\\/dynascales.com\\\/fr\\\/applications\\\/paper-mills\\\/\"]}]},{\"@type\":\"BreadcrumbList\",\"@id\":\"https:\\\/\\\/dynascales.com\\\/fr\\\/applications\\\/paper-mills\\\/#breadcrumb\",\"itemListElement\":[{\"@type\":\"ListItem\",\"position\":1,\"name\":\"Home\",\"item\":\"https:\\\/\\\/dynascales.com\\\/fr\\\/\"},{\"@type\":\"ListItem\",\"position\":2,\"name\":\"Applications\",\"item\":\"https:\\\/\\\/dynascales.com\\\/fr\\\/applications\\\/\"},{\"@type\":\"ListItem\",\"position\":3,\"name\":\"Papeteries\"}]},{\"@type\":\"WebSite\",\"@id\":\"https:\\\/\\\/dynascales.com\\\/fr\\\/#website\",\"url\":\"https:\\\/\\\/dynascales.com\\\/fr\\\/\",\"name\":\"Dynascales\",\"description\":\"Powered by Weighing &amp; Inspection\",\"publisher\":{\"@id\":\"https:\\\/\\\/dynascales.com\\\/fr\\\/#organization\"},\"potentialAction\":[{\"@type\":\"SearchAction\",\"target\":{\"@type\":\"EntryPoint\",\"urlTemplate\":\"https:\\\/\\\/dynascales.com\\\/fr\\\/?s={search_term_string}\"},\"query-input\":{\"@type\":\"PropertyValueSpecification\",\"valueRequired\":true,\"valueName\":\"search_term_string\"}}],\"inLanguage\":\"fr-FR\"},{\"@type\":\"Organization\",\"@id\":\"https:\\\/\\\/dynascales.com\\\/fr\\\/#organization\",\"name\":\"Dynascales\",\"url\":\"https:\\\/\\\/dynascales.com\\\/fr\\\/\",\"logo\":{\"@type\":\"ImageObject\",\"inLanguage\":\"fr-FR\",\"@id\":\"https:\\\/\\\/dynascales.com\\\/fr\\\/#\\\/schema\\\/logo\\\/image\\\/\",\"url\":\"https:\\\/\\\/dynascales.com\\\/wp-content\\\/uploads\\\/2023\\\/05\\\/Dynascales.png\",\"contentUrl\":\"https:\\\/\\\/dynascales.com\\\/wp-content\\\/uploads\\\/2023\\\/05\\\/Dynascales.png\",\"width\":1130,\"height\":200,\"caption\":\"Dynascales\"},\"image\":{\"@id\":\"https:\\\/\\\/dynascales.com\\\/fr\\\/#\\\/schema\\\/logo\\\/image\\\/\"},\"sameAs\":[\"https:\\\/\\\/www.linkedin.com\\\/company\\\/weighingandinspectionbenelux\\\/\"]}]}<\/script>\n<!-- \/ Yoast SEO plugin. -->","yoast_head_json":{"title":"Papeteries - Dynascales","description":"Dynascale belt weighers provide real-time weight data. This helps to ensure that the product meets the desired quality standards.","robots":{"index":"index","follow":"follow","max-snippet":"max-snippet:-1","max-image-preview":"max-image-preview:large","max-video-preview":"max-video-preview:-1"},"canonical":"https:\/\/dynascales.com\/fr\/applications\/paper-mills\/","og_locale":"fr_FR","og_type":"article","og_title":"Papeteries - Dynascales","og_description":"Dynascale belt weighers provide real-time weight data. This helps to ensure that the product meets the desired quality standards.","og_url":"https:\/\/dynascales.com\/fr\/applications\/paper-mills\/","og_site_name":"Dynascales","article_modified_time":"2024-10-14T19:48:41+00:00","twitter_card":"summary_large_image","twitter_misc":{"Dur\u00e9e de lecture estim\u00e9e":"3 minutes"},"schema":{"@context":"https:\/\/schema.org","@graph":[{"@type":"WebPage","@id":"https:\/\/dynascales.com\/fr\/applications\/paper-mills\/","url":"https:\/\/dynascales.com\/fr\/applications\/paper-mills\/","name":"Papeteries - Dynascales","isPartOf":{"@id":"https:\/\/dynascales.com\/fr\/#website"},"datePublished":"2023-04-26T06:14:46+00:00","dateModified":"2024-10-14T19:48:41+00:00","description":"Dynascale belt weighers provide real-time weight data. This helps to ensure that the product meets the desired quality standards.","breadcrumb":{"@id":"https:\/\/dynascales.com\/fr\/applications\/paper-mills\/#breadcrumb"},"inLanguage":"fr-FR","potentialAction":[{"@type":"ReadAction","target":["https:\/\/dynascales.com\/fr\/applications\/paper-mills\/"]}]},{"@type":"BreadcrumbList","@id":"https:\/\/dynascales.com\/fr\/applications\/paper-mills\/#breadcrumb","itemListElement":[{"@type":"ListItem","position":1,"name":"Home","item":"https:\/\/dynascales.com\/fr\/"},{"@type":"ListItem","position":2,"name":"Applications","item":"https:\/\/dynascales.com\/fr\/applications\/"},{"@type":"ListItem","position":3,"name":"Papeteries"}]},{"@type":"WebSite","@id":"https:\/\/dynascales.com\/fr\/#website","url":"https:\/\/dynascales.com\/fr\/","name":"Dynascales","description":"Powered by Weighing &amp; Inspection","publisher":{"@id":"https:\/\/dynascales.com\/fr\/#organization"},"potentialAction":[{"@type":"SearchAction","target":{"@type":"EntryPoint","urlTemplate":"https:\/\/dynascales.com\/fr\/?s={search_term_string}"},"query-input":{"@type":"PropertyValueSpecification","valueRequired":true,"valueName":"search_term_string"}}],"inLanguage":"fr-FR"},{"@type":"Organization","@id":"https:\/\/dynascales.com\/fr\/#organization","name":"Dynascales","url":"https:\/\/dynascales.com\/fr\/","logo":{"@type":"ImageObject","inLanguage":"fr-FR","@id":"https:\/\/dynascales.com\/fr\/#\/schema\/logo\/image\/","url":"https:\/\/dynascales.com\/wp-content\/uploads\/2023\/05\/Dynascales.png","contentUrl":"https:\/\/dynascales.com\/wp-content\/uploads\/2023\/05\/Dynascales.png","width":1130,"height":200,"caption":"Dynascales"},"image":{"@id":"https:\/\/dynascales.com\/fr\/#\/schema\/logo\/image\/"},"sameAs":["https:\/\/www.linkedin.com\/company\/weighingandinspectionbenelux\/"]}]}},"_links":{"self":[{"href":"https:\/\/dynascales.com\/fr\/wp-json\/wp\/v2\/pages\/5640","targetHints":{"allow":["GET"]}}],"collection":[{"href":"https:\/\/dynascales.com\/fr\/wp-json\/wp\/v2\/pages"}],"about":[{"href":"https:\/\/dynascales.com\/fr\/wp-json\/wp\/v2\/types\/page"}],"author":[{"embeddable":true,"href":"https:\/\/dynascales.com\/fr\/wp-json\/wp\/v2\/users\/1"}],"replies":[{"embeddable":true,"href":"https:\/\/dynascales.com\/fr\/wp-json\/wp\/v2\/comments?post=5640"}],"version-history":[{"count":3,"href":"https:\/\/dynascales.com\/fr\/wp-json\/wp\/v2\/pages\/5640\/revisions"}],"predecessor-version":[{"id":6493,"href":"https:\/\/dynascales.com\/fr\/wp-json\/wp\/v2\/pages\/5640\/revisions\/6493"}],"up":[{"embeddable":true,"href":"https:\/\/dynascales.com\/fr\/wp-json\/wp\/v2\/pages\/5516"}],"wp:attachment":[{"href":"https:\/\/dynascales.com\/fr\/wp-json\/wp\/v2\/media?parent=5640"}],"curies":[{"name":"wp","href":"https:\/\/api.w.org\/{rel}","templated":true}]}}